{"id":55841,"date":"2017-05-29T21:11:41","date_gmt":"2017-05-29T21:11:41","guid":{"rendered":"http:\/\/www.filigrana-traducciones.com\/?page_id=55841\/"},"modified":"2021-01-29T14:39:02","modified_gmt":"2021-01-29T14:39:02","slug":"contact","status":"publish","type":"page","link":"https:\/\/www.filigrana-traducciones.com\/en\/contact\/","title":{"rendered":"Contact"},"content":{"rendered":"<div class=\"wpb-content-wrapper\"><p>[vc_row][vc_column width=&#8221;1\/1&#8243;][uncode_block id=&#8221;55197&#8243;][\/vc_column][\/vc_row]<\/p>\n<\/div>","protected":false},"excerpt":{"rendered":"<p>Filigrana Traducciones is a language services company founded by professional translators in Santiago, Chile. Contact us: send us an e-mail to contacto@filigrana-traducciones.com or request a quote by filling out the form and telling us what you need.<\/p>\n","protected":false},"author":1,"featured_media":57857,"parent":0,"menu_order":0,"comment_status":"closed","ping_status":"closed","template":"","meta":{"footnotes":""},"class_list":["post-55841","page","type-page","status-publish","has-post-thumbnail","hentry"],"yoast_head":"<!-- This site is optimized with the Yoast SEO plugin v27.4 - https:\/\/yoast.com\/product\/yoast-seo-wordpress\/ -->\n<title>Contact Us - Filigrana Traducciones<\/title>\n<meta name=\"description\" content=\"Contact us: send us an e-mail to contacto@filigrana-traducciones.com or request a quote by filling out the form and telling us what you need.\" \/>\n<meta name=\"robots\" content=\"index, follow, max-snippet:-1, max-image-preview:large, max-video-preview:-1\" \/>\n<link rel=\"canonical\" href=\"https:\/\/www.filigrana-traducciones.com\/en\/contact\/\" \/>\n<meta property=\"og:locale\" content=\"en_US\" \/>\n<meta property=\"og:type\" content=\"article\" \/>\n<meta property=\"og:title\" content=\"Contact Us - Filigrana Traducciones\" \/>\n<meta property=\"og:description\" content=\"Contact us: send us an e-mail to contacto@filigrana-traducciones.com or request a quote by filling out the form and telling us what you need.\" \/>\n<meta property=\"og:url\" content=\"https:\/\/www.filigrana-traducciones.com\/en\/contact\/\" \/>\n<meta property=\"og:site_name\" content=\"Empresa de traducci\u00f3n en Chile - Filigrana Traducciones\" \/>\n<meta property=\"article:publisher\" content=\"https:\/\/www.facebook.com\/Filigrana-Traducciones\" \/>\n<meta property=\"article:modified_time\" content=\"2021-01-29T14:39:02+00:00\" \/>\n<meta property=\"og:image\" content=\"https:\/\/www.filigrana-traducciones.com\/wp-content\/uploads\/2020\/07\/Filigrana-Traducciones-Contacto.png\" \/>\n\t<meta property=\"og:image:width\" content=\"1127\" \/>\n\t<meta property=\"og:image:height\" content=\"867\" \/>\n\t<meta property=\"og:image:type\" content=\"image\/png\" \/>\n<meta name=\"twitter:card\" content=\"summary_large_image\" \/>\n<script type=\"application\/ld+json\" class=\"yoast-schema-graph\">{\"@context\":\"https:\\\/\\\/schema.org\",\"@graph\":[{\"@type\":\"WebPage\",\"@id\":\"https:\\\/\\\/www.filigrana-traducciones.com\\\/en\\\/contact\\\/\",\"url\":\"https:\\\/\\\/www.filigrana-traducciones.com\\\/en\\\/contact\\\/\",\"name\":\"Contact Us - Filigrana Traducciones\",\"isPartOf\":{\"@id\":\"https:\\\/\\\/www.filigrana-traducciones.com\\\/#website\"},\"primaryImageOfPage\":{\"@id\":\"https:\\\/\\\/www.filigrana-traducciones.com\\\/en\\\/contact\\\/#primaryimage\"},\"image\":{\"@id\":\"https:\\\/\\\/www.filigrana-traducciones.com\\\/en\\\/contact\\\/#primaryimage\"},\"thumbnailUrl\":\"https:\\\/\\\/www.filigrana-traducciones.com\\\/wp-content\\\/uploads\\\/2020\\\/07\\\/Filigrana-Traducciones-Contacto.png\",\"datePublished\":\"2017-05-29T21:11:41+00:00\",\"dateModified\":\"2021-01-29T14:39:02+00:00\",\"description\":\"Contact us: send us an e-mail to contacto@filigrana-traducciones.com or request a quote by filling out the form and telling us what you need.\",\"breadcrumb\":{\"@id\":\"https:\\\/\\\/www.filigrana-traducciones.com\\\/en\\\/contact\\\/#breadcrumb\"},\"inLanguage\":\"en-US\",\"potentialAction\":[{\"@type\":\"ReadAction\",\"target\":[\"https:\\\/\\\/www.filigrana-traducciones.com\\\/en\\\/contact\\\/\"]}]},{\"@type\":\"ImageObject\",\"inLanguage\":\"en-US\",\"@id\":\"https:\\\/\\\/www.filigrana-traducciones.com\\\/en\\\/contact\\\/#primaryimage\",\"url\":\"https:\\\/\\\/www.filigrana-traducciones.com\\\/wp-content\\\/uploads\\\/2020\\\/07\\\/Filigrana-Traducciones-Contacto.png\",\"contentUrl\":\"https:\\\/\\\/www.filigrana-traducciones.com\\\/wp-content\\\/uploads\\\/2020\\\/07\\\/Filigrana-Traducciones-Contacto.png\",\"width\":1127,\"height\":867,\"caption\":\"Filigrana Traducciones - Contacto\"},{\"@type\":\"BreadcrumbList\",\"@id\":\"https:\\\/\\\/www.filigrana-traducciones.com\\\/en\\\/contact\\\/#breadcrumb\",\"itemListElement\":[{\"@type\":\"ListItem\",\"position\":1,\"name\":\"Portada\",\"item\":\"https:\\\/\\\/www.filigrana-traducciones.com\\\/en\\\/\"},{\"@type\":\"ListItem\",\"position\":2,\"name\":\"Contact\"}]},{\"@type\":\"WebSite\",\"@id\":\"https:\\\/\\\/www.filigrana-traducciones.com\\\/#website\",\"url\":\"https:\\\/\\\/www.filigrana-traducciones.com\\\/\",\"name\":\"Empresa de traducci\u00f3n en Chile - Filigrana Traducciones\",\"description\":\"Servicios de traducci\u00f3n, interpretaci\u00f3n simult\u00e1nea en Chile, correcci\u00f3n de estilo, subtitulaje y locuci\u00f3n.\",\"publisher\":{\"@id\":\"https:\\\/\\\/www.filigrana-traducciones.com\\\/#organization\"},\"potentialAction\":[{\"@type\":\"SearchAction\",\"target\":{\"@type\":\"EntryPoint\",\"urlTemplate\":\"https:\\\/\\\/www.filigrana-traducciones.com\\\/?s={search_term_string}\"},\"query-input\":{\"@type\":\"PropertyValueSpecification\",\"valueRequired\":true,\"valueName\":\"search_term_string\"}}],\"inLanguage\":\"en-US\"},{\"@type\":\"Organization\",\"@id\":\"https:\\\/\\\/www.filigrana-traducciones.com\\\/#organization\",\"name\":\"Filigrana Traducciones\",\"url\":\"https:\\\/\\\/www.filigrana-traducciones.com\\\/\",\"logo\":{\"@type\":\"ImageObject\",\"inLanguage\":\"en-US\",\"@id\":\"https:\\\/\\\/www.filigrana-traducciones.com\\\/#\\\/schema\\\/logo\\\/image\\\/\",\"url\":\"https:\\\/\\\/www.filigrana-traducciones.com\\\/wp-content\\\/uploads\\\/2017\\\/04\\\/filigrana-logo.png\",\"contentUrl\":\"https:\\\/\\\/www.filigrana-traducciones.com\\\/wp-content\\\/uploads\\\/2017\\\/04\\\/filigrana-logo.png\",\"width\":255,\"height\":89,\"caption\":\"Filigrana Traducciones\"},\"image\":{\"@id\":\"https:\\\/\\\/www.filigrana-traducciones.com\\\/#\\\/schema\\\/logo\\\/image\\\/\"},\"sameAs\":[\"https:\\\/\\\/www.facebook.com\\\/Filigrana-Traducciones\",\"https:\\\/\\\/www.linkedin.com\\\/company\\\/filigrana-traducciones\"]}]}<\/script>\n<!-- \/ Yoast SEO plugin. -->","yoast_head_json":{"title":"Contact Us - Filigrana Traducciones","description":"Contact us: send us an e-mail to contacto@filigrana-traducciones.com or request a quote by filling out the form and telling us what you need.","robots":{"index":"index","follow":"follow","max-snippet":"max-snippet:-1","max-image-preview":"max-image-preview:large","max-video-preview":"max-video-preview:-1"},"canonical":"https:\/\/www.filigrana-traducciones.com\/en\/contact\/","og_locale":"en_US","og_type":"article","og_title":"Contact Us - Filigrana Traducciones","og_description":"Contact us: send us an e-mail to contacto@filigrana-traducciones.com or request a quote by filling out the form and telling us what you need.","og_url":"https:\/\/www.filigrana-traducciones.com\/en\/contact\/","og_site_name":"Empresa de traducci\u00f3n en Chile - Filigrana Traducciones","article_publisher":"https:\/\/www.facebook.com\/Filigrana-Traducciones","article_modified_time":"2021-01-29T14:39:02+00:00","og_image":[{"width":1127,"height":867,"url":"https:\/\/www.filigrana-traducciones.com\/wp-content\/uploads\/2020\/07\/Filigrana-Traducciones-Contacto.png","type":"image\/png"}],"twitter_card":"summary_large_image","schema":{"@context":"https:\/\/schema.org","@graph":[{"@type":"WebPage","@id":"https:\/\/www.filigrana-traducciones.com\/en\/contact\/","url":"https:\/\/www.filigrana-traducciones.com\/en\/contact\/","name":"Contact Us - Filigrana Traducciones","isPartOf":{"@id":"https:\/\/www.filigrana-traducciones.com\/#website"},"primaryImageOfPage":{"@id":"https:\/\/www.filigrana-traducciones.com\/en\/contact\/#primaryimage"},"image":{"@id":"https:\/\/www.filigrana-traducciones.com\/en\/contact\/#primaryimage"},"thumbnailUrl":"https:\/\/www.filigrana-traducciones.com\/wp-content\/uploads\/2020\/07\/Filigrana-Traducciones-Contacto.png","datePublished":"2017-05-29T21:11:41+00:00","dateModified":"2021-01-29T14:39:02+00:00","description":"Contact us: send us an e-mail to contacto@filigrana-traducciones.com or request a quote by filling out the form and telling us what you need.","breadcrumb":{"@id":"https:\/\/www.filigrana-traducciones.com\/en\/contact\/#breadcrumb"},"inLanguage":"en-US","potentialAction":[{"@type":"ReadAction","target":["https:\/\/www.filigrana-traducciones.com\/en\/contact\/"]}]},{"@type":"ImageObject","inLanguage":"en-US","@id":"https:\/\/www.filigrana-traducciones.com\/en\/contact\/#primaryimage","url":"https:\/\/www.filigrana-traducciones.com\/wp-content\/uploads\/2020\/07\/Filigrana-Traducciones-Contacto.png","contentUrl":"https:\/\/www.filigrana-traducciones.com\/wp-content\/uploads\/2020\/07\/Filigrana-Traducciones-Contacto.png","width":1127,"height":867,"caption":"Filigrana Traducciones - Contacto"},{"@type":"BreadcrumbList","@id":"https:\/\/www.filigrana-traducciones.com\/en\/contact\/#breadcrumb","itemListElement":[{"@type":"ListItem","position":1,"name":"Portada","item":"https:\/\/www.filigrana-traducciones.com\/en\/"},{"@type":"ListItem","position":2,"name":"Contact"}]},{"@type":"WebSite","@id":"https:\/\/www.filigrana-traducciones.com\/#website","url":"https:\/\/www.filigrana-traducciones.com\/","name":"Empresa de traducci\u00f3n en Chile - Filigrana Traducciones","description":"Servicios de traducci\u00f3n, interpretaci\u00f3n simult\u00e1nea en Chile, correcci\u00f3n de estilo, subtitulaje y locuci\u00f3n.","publisher":{"@id":"https:\/\/www.filigrana-traducciones.com\/#organization"},"potentialAction":[{"@type":"SearchAction","target":{"@type":"EntryPoint","urlTemplate":"https:\/\/www.filigrana-traducciones.com\/?s={search_term_string}"},"query-input":{"@type":"PropertyValueSpecification","valueRequired":true,"valueName":"search_term_string"}}],"inLanguage":"en-US"},{"@type":"Organization","@id":"https:\/\/www.filigrana-traducciones.com\/#organization","name":"Filigrana Traducciones","url":"https:\/\/www.filigrana-traducciones.com\/","logo":{"@type":"ImageObject","inLanguage":"en-US","@id":"https:\/\/www.filigrana-traducciones.com\/#\/schema\/logo\/image\/","url":"https:\/\/www.filigrana-traducciones.com\/wp-content\/uploads\/2017\/04\/filigrana-logo.png","contentUrl":"https:\/\/www.filigrana-traducciones.com\/wp-content\/uploads\/2017\/04\/filigrana-logo.png","width":255,"height":89,"caption":"Filigrana Traducciones"},"image":{"@id":"https:\/\/www.filigrana-traducciones.com\/#\/schema\/logo\/image\/"},"sameAs":["https:\/\/www.facebook.com\/Filigrana-Traducciones","https:\/\/www.linkedin.com\/company\/filigrana-traducciones"]}]}},"_links":{"self":[{"href":"https:\/\/www.filigrana-traducciones.com\/en\/wp-json\/wp\/v2\/pages\/55841","targetHints":{"allow":["GET"]}}],"collection":[{"href":"https:\/\/www.filigrana-traducciones.com\/en\/wp-json\/wp\/v2\/pages"}],"about":[{"href":"https:\/\/www.filigrana-traducciones.com\/en\/wp-json\/wp\/v2\/types\/page"}],"author":[{"embeddable":true,"href":"https:\/\/www.filigrana-traducciones.com\/en\/wp-json\/wp\/v2\/users\/1"}],"replies":[{"embeddable":true,"href":"https:\/\/www.filigrana-traducciones.com\/en\/wp-json\/wp\/v2\/comments?post=55841"}],"version-history":[{"count":4,"href":"https:\/\/www.filigrana-traducciones.com\/en\/wp-json\/wp\/v2\/pages\/55841\/revisions"}],"predecessor-version":[{"id":58022,"href":"https:\/\/www.filigrana-traducciones.com\/en\/wp-json\/wp\/v2\/pages\/55841\/revisions\/58022"}],"wp:featuredmedia":[{"embeddable":true,"href":"https:\/\/www.filigrana-traducciones.com\/en\/wp-json\/wp\/v2\/media\/57857"}],"wp:attachment":[{"href":"https:\/\/www.filigrana-traducciones.com\/en\/wp-json\/wp\/v2\/media?parent=55841"}],"curies":[{"name":"wp","href":"https:\/\/api.w.org\/{rel}","templated":true}]}}